{"id":151,"date":"2022-02-15T08:18:01","date_gmt":"2022-02-15T08:18:01","guid":{"rendered":"https:\/\/kapitalmarkt.winterbergpromotion.de\/?page_id=151"},"modified":"2025-06-23T08:00:10","modified_gmt":"2025-06-23T08:00:10","slug":"beirat","status":"publish","type":"page","link":"https:\/\/www.kapitalmarktforum.org\/?page_id=151","title":{"rendered":"beirat"},"content":{"rendered":"<p><section class=\"ffb-id-5k10l1ti fg-section fg-el-has-bg fg-text-dark\"><span class=\"fg-bg\"><span data-fg-bg=\"{&quot;type&quot;:&quot;parallax&quot;,&quot;url&quot;:&quot;https:\\\/\\\/kapitalmarkt.winterbergpromotion.de\\\/wp-content\\\/uploads\\\/2022\\\/02\\\/front-view-finance-business-elements-assortment-scaled.jpg&quot;,&quot;opacity&quot;:&quot;1&quot;,&quot;width&quot;:&quot;2560&quot;,&quot;height&quot;:&quot;1440&quot;,&quot;speed&quot;:&quot;50&quot;,&quot;size&quot;:&quot;cover&quot;,&quot;offset_h&quot;:&quot;50&quot;,&quot;offset_v&quot;:&quot;50&quot;}\" class=\"fg-bg-layer fg-bg-type-parallax \" style=\"opacity: 1; background-image: url(&quot;https:\/\/kapitalmarkt.winterbergpromotion.de\/wp-content\/uploads\/2022\/02\/front-view-finance-business-elements-assortment-scaled.jpg&quot;);\"><\/span><\/span><div class=\"fg-container container fg-container-large fg-container-lvl--1 \"><div class=\"fg-row row    \" ><div class=\"ffb-id-5k10l1tj fg-col col-xs-12 col-md-12 fg-text-dark\"><div class=\"ffb-id-5k10m1eb ffg-empty-space fg-text-dark\"><\/div><\/div><\/div><\/div><\/section><style>.ffb-id-5k10m1eb{ height: 350px;}<\/style><script type=\"text\/javascript\"><\/script><section class=\"ffb-id-5k105nle fg-section fg-text-dark\"><div class=\"fg-container container fg-container-large fg-container-lvl--1 \"><div class=\"fg-row row    \" ><div class=\"ffb-id-5k105nlf fg-col col-xs-12 col-md-6 fg-text-dark\"><p class=\"ffb-id-5k105qsg fg-paragraph text-left    fg-text-dark\"><b>Dr. Matthias Bock,<\/b> Managing Director und General Counsel der Goldman Sachs Bank Europe SE, Frankfurt.<br \/>\n<b>Prof. Dr. Axel Cordewener,<\/b> Professor f\u00fcr Steuerrecht an der Katholieke Universiteit Leuven, Rechtsanwalt, Diplom-Finanzwirt Of Counsel, in Bonn. <br \/>\n<b>Dr. Adrian D\u00f6rig, LL.M.,<\/b> Rechtsanwalt und Partner bei VISCHER Anw\u00e4lte und Notare, Z\u00fcrich.<br \/>\n<b>Prof. Dr. iur. Michael Elicker,<\/b> Hochschullehrer f\u00fcr \u00d6ffentliches Wirtschaftsrecht und Steuerrecht an der Universit\u00e4t des Saarlandes.<br \/>\n<b>Prof. Dr. J\u00fcrgen Ellenberger, <\/b>Vizepr\u00e4sident des Bundesgerichtshofs, Karlsruhe.<br \/>\n<b>Dr. Hans-J\u00f6rg Frantzmann,<\/b> Gesch\u00e4ftsleitung RMC Risk-Management-Consulting GmbH, Frankfurt am Main.<br \/>\n<b>Dr. Dirk Franz, <\/b>Mitglied der Gesch\u00e4ftsf\u00fchrung, LBBW Asset Management, Stuttgart.<br \/>\n<b>Dr. Thomas Gst\u00e4dtner, <\/b>LL.M., Head of Division bei der Europ\u00e4ischen Zentralbank, Mitherausgeber der Fachzeitschrift \u201eRecht der Finanzinstrumente\u201c.<br \/>\n<b>Prof. Dr. Monika Jachmann-Michel,<\/b> Vorsitzende Richterin am Bundesfinanzhof, M\u00fcnchen.<br \/>\n<b>Dr. Ulrich Kater,<\/b> Chefvolkswirt Dekabank, Frankfurt am Main.<br \/>\n<b>Dr. Michael Kemmer, <\/b>Beiratsmitglied beim Fintech-Unternehmen Loanboox, K\u00f6ln.<br \/>\n<b>Prof. Dr. Sabine Kirchmayr-Schliesselberger,<\/b> Universit\u00e4t Wien, Steuerberaterin und Of Counsel bei LeitnerLeitner in Wien.<br \/>\n<b>Prof. Dr. Michael Lang,<\/b> Wirtschaftsuniversit\u00e4t Wien, Vorstand des Instituts f\u00fcr \u00f6sterreichisches und Internationales Steuerrecht der Wirtschaftsuniversit\u00e4t Wien.<\/p><\/div><div class=\"ffb-id-5k10svkl fg-col col-xs-12 col-md-6 fg-text-dark\"><p class=\"ffb-id-5k10svkm fg-paragraph text-left    fg-text-dark\"><b>Prof. Dr. Matthias Lehmann, <\/b>D.E.A., LL.M., Institut f\u00fcr Europarecht, Internationales Recht und Rechtsvergleichung, Universit\u00e4t Wien.<br \/>\n<b>Alois Konstantin F\u00fcrst zu L\u00f6wenstein-Wertheim-Rosenberg, <\/b>Kleinheubach.<br \/>\n<b>Joachim Moritz,<\/b> Richter am Bundesfinanzhof a.D., Of Counsel bei Ernst &amp; Young.<br \/>\n<b>Dr. Roger M\u00fcller,<\/b> Rechtsanwalt, Holzkirchen.<br \/>\n<b>Dr. Lutz Raettig,<\/b> Aufsichtsratsvorsitzender von Morgan Stanley Deutschland, Vorsitzender des B\u00f6rsenrates der Frankfurter Wertpapierb\u00f6rse, Frankfurt.<br \/>\n<b>Prof. Dr. Uwe H. Schneider,<\/b> emeritierter Professor der Universit\u00e4t Darmstadt, Mitglied des wissenschaftschaftlichen Beirats des Deutschen Aktieninstituts. Of Counsel bei Schmitz &amp; Partner Rechtsanw\u00e4lte Frankfurt.<br \/>\n<b>Dr. Konrad Schott,<\/b> Rechtsanwalt und Partner bei Freshfields Bruckhaus Deringer LLP, Frankfurt am Main.<br \/>\n<b>Dr. Edgar Wallach,<\/b> Rechtsanwalt und Partner bei Hengeler Mueller Partnerschaft, Frankfurt am Main.<br \/>\n<b>Prof. Dr. Rudolf Wendt, <\/b>Vizepr\u00e4sident des Verfassungsgerichtshofes des Saarlandes, emeritierter Professor f\u00fcr Staats- und Verwaltungsrecht, Wirtschafts-, Finanz- und Steuerrecht an der Universit\u00e4t des Saarlandes.<br \/>\n<b>Prof. Dr. Dirk Andreas Zetzsche,<\/b> Fakult\u00e4t f\u00fcr Rechts-, Wirtschafts- und Finanzwissenschaften, Universit\u00e4t Luxemburg.<\/p><\/div><\/div><\/div><\/section><style>.ffb-id-5k10m1eb{ \nheight: 350px;\n}\n.ffb-id-5k105nle{ margin-top: 35px;margin-bottom: 35px;}<\/style><script type=\"text\/javascript\"><\/script><\/p>\n","protected":false},"excerpt":{"rendered":"","protected":false},"author":1,"featured_media":0,"parent":0,"menu_order":0,"comment_status":"closed","ping_status":"closed","template":"","meta":[],"yoast_head":"<!-- This site is optimized with the Yoast SEO plugin v19.9 - https:\/\/yoast.com\/wordpress\/plugins\/seo\/ -->\n<title>Kapitalmarktforum.org - Forum f\u00fcr Kapitalmarktinstrumente \u2013 Kapitalmarktfinanzierung e.V.<\/title>\n<meta name=\"description\" content=\"Forum Kapitalmarktinstrumente - Kapitalmarktfinanzierung e.V. | Postfach 60 03 06| 81203 M\u00fcnchen | TEL +49 211 94 68 47 90 | info@kapitalmarktforum.org\" \/>\n<meta name=\"robots\" content=\"index, follow, max-snippet:-1, max-image-preview:large, max-video-preview:-1\" \/>\n<link rel=\"canonical\" href=\"https:\/\/www.kapitalmarktforum.org\/?page_id=151\" \/>\n<meta property=\"og:locale\" content=\"de_DE\" \/>\n<meta property=\"og:type\" content=\"article\" \/>\n<meta property=\"og:title\" content=\"Kapitalmarktforum.org - Forum f\u00fcr Kapitalmarktinstrumente \u2013 Kapitalmarktfinanzierung e.V.\" \/>\n<meta property=\"og:description\" content=\"Forum Kapitalmarktinstrumente - Kapitalmarktfinanzierung e.V. | Postfach 60 03 06| 81203 M\u00fcnchen | TEL +49 211 94 68 47 90 | info@kapitalmarktforum.org\" \/>\n<meta property=\"og:url\" content=\"https:\/\/www.kapitalmarktforum.org\/?page_id=151\" \/>\n<meta property=\"og:site_name\" content=\"Kapitalmarktforum\" \/>\n<meta property=\"article:modified_time\" content=\"2025-06-23T08:00:10+00:00\" \/>\n<meta name=\"twitter:card\" content=\"summary_large_image\" \/>\n<meta name=\"twitter:label1\" content=\"Gesch\u00e4tzte Lesezeit\" \/>\n\t<meta name=\"twitter:data1\" content=\"2\u00a0Minuten\" \/>\n<script type=\"application\/ld+json\" class=\"yoast-schema-graph\">{\"@context\":\"https:\/\/schema.org\",\"@graph\":[{\"@type\":\"WebPage\",\"@id\":\"https:\/\/www.kapitalmarktforum.org\/?page_id=151\",\"url\":\"https:\/\/www.kapitalmarktforum.org\/?page_id=151\",\"name\":\"Kapitalmarktforum.org - Forum f\u00fcr Kapitalmarktinstrumente \u2013 Kapitalmarktfinanzierung e.V.\",\"isPartOf\":{\"@id\":\"https:\/\/www.kapitalmarktforum.org\/#website\"},\"datePublished\":\"2022-02-15T08:18:01+00:00\",\"dateModified\":\"2025-06-23T08:00:10+00:00\",\"description\":\"Forum Kapitalmarktinstrumente - Kapitalmarktfinanzierung e.V. | Postfach 60 03 06| 81203 M\u00fcnchen | TEL +49 211 94 68 47 90 | info@kapitalmarktforum.org\",\"breadcrumb\":{\"@id\":\"https:\/\/www.kapitalmarktforum.org\/?page_id=151#breadcrumb\"},\"inLanguage\":\"de\",\"potentialAction\":[{\"@type\":\"ReadAction\",\"target\":[\"https:\/\/www.kapitalmarktforum.org\/?page_id=151\"]}]},{\"@type\":\"BreadcrumbList\",\"@id\":\"https:\/\/www.kapitalmarktforum.org\/?page_id=151#breadcrumb\",\"itemListElement\":[{\"@type\":\"ListItem\",\"position\":1,\"name\":\"Startseite\",\"item\":\"https:\/\/www.kapitalmarktforum.org\/\"},{\"@type\":\"ListItem\",\"position\":2,\"name\":\"beirat\"}]},{\"@type\":\"WebSite\",\"@id\":\"https:\/\/www.kapitalmarktforum.org\/#website\",\"url\":\"https:\/\/www.kapitalmarktforum.org\/\",\"name\":\"Kapitalmarktforum\",\"description\":\"Deutschland | \u00d6sterreich | Schweiz\",\"publisher\":{\"@id\":\"https:\/\/www.kapitalmarktforum.org\/#organization\"},\"potentialAction\":[{\"@type\":\"SearchAction\",\"target\":{\"@type\":\"EntryPoint\",\"urlTemplate\":\"https:\/\/www.kapitalmarktforum.org\/?s={search_term_string}\"},\"query-input\":\"required name=search_term_string\"}],\"inLanguage\":\"de\"},{\"@type\":\"Organization\",\"@id\":\"https:\/\/www.kapitalmarktforum.org\/#organization\",\"name\":\"Kapitalmarktforum\",\"url\":\"https:\/\/www.kapitalmarktforum.org\/\",\"logo\":{\"@type\":\"ImageObject\",\"inLanguage\":\"de\",\"@id\":\"https:\/\/www.kapitalmarktforum.org\/#\/schema\/logo\/image\/\",\"url\":\"https:\/\/www.kapitalmarktforum.org\/wp-content\/uploads\/2022\/02\/Logo_fabe.png\",\"contentUrl\":\"https:\/\/www.kapitalmarktforum.org\/wp-content\/uploads\/2022\/02\/Logo_fabe.png\",\"width\":3055,\"height\":681,\"caption\":\"Kapitalmarktforum\"},\"image\":{\"@id\":\"https:\/\/www.kapitalmarktforum.org\/#\/schema\/logo\/image\/\"}}]}<\/script>\n<!-- \/ Yoast SEO plugin. -->","yoast_head_json":{"title":"Kapitalmarktforum.org - Forum f\u00fcr Kapitalmarktinstrumente \u2013 Kapitalmarktfinanzierung e.V.","description":"Forum Kapitalmarktinstrumente - Kapitalmarktfinanzierung e.V. | Postfach 60 03 06| 81203 M\u00fcnchen | TEL +49 211 94 68 47 90 | info@kapitalmarktforum.org","robots":{"index":"index","follow":"follow","max-snippet":"max-snippet:-1","max-image-preview":"max-image-preview:large","max-video-preview":"max-video-preview:-1"},"canonical":"https:\/\/www.kapitalmarktforum.org\/?page_id=151","og_locale":"de_DE","og_type":"article","og_title":"Kapitalmarktforum.org - Forum f\u00fcr Kapitalmarktinstrumente \u2013 Kapitalmarktfinanzierung e.V.","og_description":"Forum Kapitalmarktinstrumente - Kapitalmarktfinanzierung e.V. | Postfach 60 03 06| 81203 M\u00fcnchen | TEL +49 211 94 68 47 90 | info@kapitalmarktforum.org","og_url":"https:\/\/www.kapitalmarktforum.org\/?page_id=151","og_site_name":"Kapitalmarktforum","article_modified_time":"2025-06-23T08:00:10+00:00","twitter_card":"summary_large_image","twitter_misc":{"Gesch\u00e4tzte Lesezeit":"2\u00a0Minuten"},"schema":{"@context":"https:\/\/schema.org","@graph":[{"@type":"WebPage","@id":"https:\/\/www.kapitalmarktforum.org\/?page_id=151","url":"https:\/\/www.kapitalmarktforum.org\/?page_id=151","name":"Kapitalmarktforum.org - Forum f\u00fcr Kapitalmarktinstrumente \u2013 Kapitalmarktfinanzierung e.V.","isPartOf":{"@id":"https:\/\/www.kapitalmarktforum.org\/#website"},"datePublished":"2022-02-15T08:18:01+00:00","dateModified":"2025-06-23T08:00:10+00:00","description":"Forum Kapitalmarktinstrumente - Kapitalmarktfinanzierung e.V. | Postfach 60 03 06| 81203 M\u00fcnchen | TEL +49 211 94 68 47 90 | info@kapitalmarktforum.org","breadcrumb":{"@id":"https:\/\/www.kapitalmarktforum.org\/?page_id=151#breadcrumb"},"inLanguage":"de","potentialAction":[{"@type":"ReadAction","target":["https:\/\/www.kapitalmarktforum.org\/?page_id=151"]}]},{"@type":"BreadcrumbList","@id":"https:\/\/www.kapitalmarktforum.org\/?page_id=151#breadcrumb","itemListElement":[{"@type":"ListItem","position":1,"name":"Startseite","item":"https:\/\/www.kapitalmarktforum.org\/"},{"@type":"ListItem","position":2,"name":"beirat"}]},{"@type":"WebSite","@id":"https:\/\/www.kapitalmarktforum.org\/#website","url":"https:\/\/www.kapitalmarktforum.org\/","name":"Kapitalmarktforum","description":"Deutschland | \u00d6sterreich | Schweiz","publisher":{"@id":"https:\/\/www.kapitalmarktforum.org\/#organization"},"potentialAction":[{"@type":"SearchAction","target":{"@type":"EntryPoint","urlTemplate":"https:\/\/www.kapitalmarktforum.org\/?s={search_term_string}"},"query-input":"required name=search_term_string"}],"inLanguage":"de"},{"@type":"Organization","@id":"https:\/\/www.kapitalmarktforum.org\/#organization","name":"Kapitalmarktforum","url":"https:\/\/www.kapitalmarktforum.org\/","logo":{"@type":"ImageObject","inLanguage":"de","@id":"https:\/\/www.kapitalmarktforum.org\/#\/schema\/logo\/image\/","url":"https:\/\/www.kapitalmarktforum.org\/wp-content\/uploads\/2022\/02\/Logo_fabe.png","contentUrl":"https:\/\/www.kapitalmarktforum.org\/wp-content\/uploads\/2022\/02\/Logo_fabe.png","width":3055,"height":681,"caption":"Kapitalmarktforum"},"image":{"@id":"https:\/\/www.kapitalmarktforum.org\/#\/schema\/logo\/image\/"}}]}},"_links":{"self":[{"href":"https:\/\/www.kapitalmarktforum.org\/index.php?rest_route=\/wp\/v2\/pages\/151"}],"collection":[{"href":"https:\/\/www.kapitalmarktforum.org\/index.php?rest_route=\/wp\/v2\/pages"}],"about":[{"href":"https:\/\/www.kapitalmarktforum.org\/index.php?rest_route=\/wp\/v2\/types\/page"}],"author":[{"embeddable":true,"href":"https:\/\/www.kapitalmarktforum.org\/index.php?rest_route=\/wp\/v2\/users\/1"}],"replies":[{"embeddable":true,"href":"https:\/\/www.kapitalmarktforum.org\/index.php?rest_route=%2Fwp%2Fv2%2Fcomments&post=151"}],"version-history":[{"count":10,"href":"https:\/\/www.kapitalmarktforum.org\/index.php?rest_route=\/wp\/v2\/pages\/151\/revisions"}],"predecessor-version":[{"id":550,"href":"https:\/\/www.kapitalmarktforum.org\/index.php?rest_route=\/wp\/v2\/pages\/151\/revisions\/550"}],"wp:attachment":[{"href":"https:\/\/www.kapitalmarktforum.org\/index.php?rest_route=%2Fwp%2Fv2%2Fmedia&parent=151"}],"curies":[{"name":"wp","href":"https:\/\/api.w.org\/{rel}","templated":true}]}}